{"id":174,"date":"2025-03-25T09:39:10","date_gmt":"2025-03-25T09:39:10","guid":{"rendered":"https:\/\/wp.ftl-it.info\/?page_id=174"},"modified":"2025-08-27T10:09:39","modified_gmt":"2025-08-27T10:09:39","slug":"support","status":"publish","type":"page","link":"https:\/\/ftl-it.de\/index.php\/support\/","title":{"rendered":"Support"},"content":{"rendered":"\n<div class=\"wp-block-group why-choose-us p-animation-text-moveUp has-surface-background-color has-background is-content-justification-center is-layout-constrained wp-container-core-group-is-layout-f21cd2c6 wp-block-group-is-layout-constrained\" style=\"padding-top:var(--wp--preset--spacing--large);padding-right:0;padding-bottom:var(--wp--preset--spacing--x-large);padding-left:0\">\n<p class=\"has-text-align-left\" style=\"padding-bottom:var(--wp--preset--spacing--small)\">Bei Fragen oder Problemen stehen wir Ihnen unter der aufgef\u00fchrten Hotline und E-Mail-Adresse zur Verf\u00fcgung.<br>F\u00fcr die administrative Betreuung Ihrer Systeme steht eine Fernwartungssoftware zum Download f\u00fcr Sie bereit.<\/p>\n\n\n\n<div class=\"wp-block-columns is-layout-flex wp-container-core-columns-is-layout-9d81e941 wp-block-columns-is-layout-flex\" style=\"padding-right:0;padding-left:0\">\n<div class=\"wp-block-column is-layout-flow wp-block-column-is-layout-flow\" style=\"flex-basis:600px\">\n<h3 class=\"wp-block-heading\">Kontaktieren Sie uns<\/h3>\n\n\n\n<p style=\"padding-top:0\">FTL-it Systeme GmbH<br><strong>Standort<\/strong><br>B\u00e4renloh 3, 78269 Volkertshausen<\/p>\n\n\n\n<p><strong>\u00d6ffnungszeiten<\/strong> <br>Mo.-Fr. von 09:00 \u2013 17:00 Uhr<\/p>\n\n\n\n<p><strong>E-mail<\/strong><br><a href=\"mailto:support@ftl-it.de\">support@ftl-it.de<\/a><\/p>\n\n\n\n<p><strong>Telefonnummer<\/strong><br>+49 (0)7774922-59-50<\/p>\n\n\n\n<p><a href=\"https:\/\/www.google.com\/maps\/d\/embed?mid=1EZROT09JDtsUE7CKEtEA5-kYBUA&amp;hl=de\" target=\"_blank\" rel=\"noreferrer noopener\">Anfahrt<\/a><\/p>\n<\/div>\n\n\n\n<div class=\"wp-block-column is-layout-flow wp-block-column-is-layout-flow\" style=\"padding-top:0;padding-bottom:0;flex-basis:600px\">\n<h3 class=\"wp-block-heading\" style=\"padding-top:0;padding-bottom:0;letter-spacing:-0.02em;line-height:1.2\">Direkte Betreuung Ihrer Systeme<\/h3>\n\n\n\n<p>Die Fernwartungssoftware von TeamViewer erlaubt<br>es uns Ihr System remote zu administrieren.<br>Kontaktieren Sie uns telefonisch und wir f\u00fchren Sie beim Download und Start der Anwendung, um Ihnen unmittelbar Hilfe leisten zu k\u00f6nnen.<\/p>\n\n\n\n<p><a href=\"https:\/\/www.teamviewer.com\/de\/\" target=\"_blank\" rel=\"noreferrer noopener\">Hier geht es zur TeamViewer Homepage<\/a><\/p>\n\n\n\n<p><a href=\"https:\/\/get.teamviewer.com\/62xp9by\" target=\"_blank\" rel=\"noreferrer noopener\">TeamViewer-Quick-Support starten<\/a><\/p>\n\n\n\n<figure class=\"wp-block-image size-full is-resized\"><a href=\"https:\/\/get.teamviewer.com\/62xp9by\" target=\"_blank\" rel=\"noreferrer noopener\"><img loading=\"lazy\" decoding=\"async\" width=\"326\" height=\"82\" src=\"https:\/\/ftl-it.de\/wp-content\/uploads\/2025\/08\/teamviewer-removebg-preview-e1756289314522.png\" alt=\"\" class=\"wp-image-738\" style=\"width:253px;height:auto\" title=\"TeamViewer-Quick-Support starten\" srcset=\"https:\/\/ftl-it.de\/wp-content\/uploads\/2025\/08\/teamviewer-removebg-preview-e1756289314522.png 326w, https:\/\/ftl-it.de\/wp-content\/uploads\/2025\/08\/teamviewer-removebg-preview-e1756289314522-300x75.png 300w\" sizes=\"auto, (max-width: 326px) 100vw, 326px\" \/><\/a><\/figure>\n<\/div>\n<\/div>\n<\/div>\n\n\n\n<p><\/p>\n","protected":false},"excerpt":{"rendered":"<p>Bei Fragen oder Problemen stehen wir Ihnen unter der aufgef\u00fchrten Hotline und E-Mail-Adresse zur Verf\u00fcgung.F\u00fcr&hellip;<\/p>\n","protected":false},"author":1,"featured_media":0,"parent":0,"menu_order":0,"comment_status":"closed","ping_status":"closed","template":"","meta":{"footnotes":""},"class_list":["post-174","page","type-page","status-publish","hentry"],"_links":{"self":[{"href":"https:\/\/ftl-it.de\/index.php\/wp-json\/wp\/v2\/pages\/174","targetHints":{"allow":["GET"]}}],"collection":[{"href":"https:\/\/ftl-it.de\/index.php\/wp-json\/wp\/v2\/pages"}],"about":[{"href":"https:\/\/ftl-it.de\/index.php\/wp-json\/wp\/v2\/types\/page"}],"author":[{"embeddable":true,"href":"https:\/\/ftl-it.de\/index.php\/wp-json\/wp\/v2\/users\/1"}],"replies":[{"embeddable":true,"href":"https:\/\/ftl-it.de\/index.php\/wp-json\/wp\/v2\/comments?post=174"}],"version-history":[{"count":38,"href":"https:\/\/ftl-it.de\/index.php\/wp-json\/wp\/v2\/pages\/174\/revisions"}],"predecessor-version":[{"id":740,"href":"https:\/\/ftl-it.de\/index.php\/wp-json\/wp\/v2\/pages\/174\/revisions\/740"}],"wp:attachment":[{"href":"https:\/\/ftl-it.de\/index.php\/wp-json\/wp\/v2\/media?parent=174"}],"curies":[{"name":"wp","href":"https:\/\/api.w.org\/{rel}","templated":true}]}}